{"id":364,"date":"2020-05-13T16:41:48","date_gmt":"2020-05-13T16:41:48","guid":{"rendered":"http:\/\/meinegalerie.me\/?page_id=364"},"modified":"2025-02-21T08:26:23","modified_gmt":"2025-02-21T08:26:23","slug":"wortmalereien","status":"publish","type":"page","link":"https:\/\/meinegalerie.me\/?page_id=364","title":{"rendered":"Wortmalereien"},"content":{"rendered":"\r\n\r\n\r\n<p>&nbsp;<\/p>\r\n\r\n\r\n\r\n<p>Wenn Bilder und Worte verschmelzen, entsteht etwas Neues.<\/p>\r\n<p>Bei der freien Betrachtung \u2013 gerade abstrakter Werke \u2013 entstehen h\u00e4ufig ganz unterschiedliche Eindr\u00fccke.<\/p>\r\n<p>\u00c4hnlich wie bei Texten, die in unserem Kopf zu eigenen Bildern werden.<\/p>\r\n<p>Dieses Projekt ist eine faszinierende Reise in die Welt der Phantasie. <br \/>Angeregt durch ein Bild, das in den Augen einer Wortmalerin zu einer atemberaubenden Erz\u00e4hlung verschwimmt und lebendig wird.<\/p>\r\n<p>Wortgewaltig in Szene gesetzt und musikalisch untermalt, entsteht ein neues Kunstwerk, das beim sp\u00e4teren Betrachten des Bildes f\u00fcr immer in Erinnerung bleibt.<\/p>\r\n<hr style=\"font-size: 1rem;\" \/>\r\n<h6 class=\"style-scope ytd-watch-metadata\"><strong>\u201eDie Lichter der Stadt\u201c &#8211; Bild &#8211; Michael Gro\u00dfer, Text &#8211; Isabelle Gro\u00dfer, Musik &#8211; Stephan Gro\u00dfer\u00a0<br \/><\/strong><\/h6>\r\n<p style=\"padding-left: 40px;\"><figure class=\"wp-block-embed wp-block-embed-youtube is-type-video is-provider-youtube epyt-figure\"><div class=\"wp-block-embed__wrapper\"><iframe  id=\"_ytid_97068\"  width=\"525\" height=\"295\"  data-origwidth=\"525\" data-origheight=\"295\" src=\"https:\/\/www.youtube.com\/embed\/QAHU1CiqdbE?enablejsapi=1&autoplay=0&cc_load_policy=0&cc_lang_pref=&iv_load_policy=1&loop=0&rel=1&fs=1&playsinline=0&autohide=2&theme=dark&color=red&controls=1&disablekb=0&\" class=\"__youtube_prefs__  no-lazyload\" title=\"YouTube player\"  allow=\"fullscreen; accelerometer; autoplay; clipboard-write; encrypted-media; gyroscope; picture-in-picture; web-share\" referrerpolicy=\"strict-origin-when-cross-origin\" allowfullscreen data-no-lazy=\"1\" data-skipgform_ajax_framebjll=\"\"><\/iframe><\/div><\/figure><\/p>\r\n\r\n\r\n\r\n<p style=\"padding-left: 40px;\">\u00a0<\/p>\r\n\r\n\r\n<hr class=\"wp-block-separator is-style-wide\" \/>\r\n\r\n\r\n<h6 class=\"style-scope ytd-watch-metadata\">\u201eOld Sailor\u201c &#8211; Bild &#8211; Michel Gro\u00dfer, Text &#8211; Isabelle Gro\u00dfer, Musik\/Schnitt &#8211; Stephan Gro\u00dfer\u00a0<\/h6>\r\n<p class=\"style-scope ytd-watch-metadata\" style=\"padding-left: 40px;\"><figure class=\"wp-block-embed wp-block-embed-youtube is-type-video is-provider-youtube epyt-figure\"><div class=\"wp-block-embed__wrapper\"><iframe  id=\"_ytid_48870\"  width=\"525\" height=\"295\"  data-origwidth=\"525\" data-origheight=\"295\" src=\"https:\/\/www.youtube.com\/embed\/kQLhvHTZpzo?enablejsapi=1&autoplay=0&cc_load_policy=0&cc_lang_pref=&iv_load_policy=1&loop=0&rel=1&fs=1&playsinline=0&autohide=2&theme=dark&color=red&controls=1&disablekb=0&\" class=\"__youtube_prefs__  no-lazyload\" title=\"YouTube player\"  allow=\"fullscreen; accelerometer; autoplay; clipboard-write; encrypted-media; gyroscope; picture-in-picture; web-share\" referrerpolicy=\"strict-origin-when-cross-origin\" allowfullscreen data-no-lazy=\"1\" data-skipgform_ajax_framebjll=\"\"><\/iframe><\/div><\/figure><\/p>\r\n<p>&nbsp;<\/p>\r\n<hr \/>\r\n<h6><strong>Wortmalereien von Isabelle Gro\u00dfer zu \u201ePrecious little Angel\u201c<\/strong><\/h6>\r\n\r\n\r\n\r\n<p>Stimme Rolf Berg<\/p>\r\n\r\n\r\n\r\n<div class=\"wp-block-embed__wrapper\" style=\"padding-left: 40px;\"><figure class=\"wp-block-embed wp-block-embed-youtube is-type-video is-provider-youtube epyt-figure\"><div class=\"wp-block-embed__wrapper\"><iframe  id=\"_ytid_70501\"  width=\"525\" height=\"295\"  data-origwidth=\"525\" data-origheight=\"295\" src=\"https:\/\/www.youtube.com\/embed\/uj0SBW-CED4?enablejsapi=1&autoplay=0&cc_load_policy=0&cc_lang_pref=&iv_load_policy=1&loop=0&rel=1&fs=1&playsinline=0&autohide=2&theme=dark&color=red&controls=1&disablekb=0&\" class=\"__youtube_prefs__  no-lazyload\" title=\"YouTube player\"  allow=\"fullscreen; accelerometer; autoplay; clipboard-write; encrypted-media; gyroscope; picture-in-picture; web-share\" referrerpolicy=\"strict-origin-when-cross-origin\" allowfullscreen data-no-lazy=\"1\" data-skipgform_ajax_framebjll=\"\"><\/iframe><\/div><\/figure><\/div>\r\n<div>\u00a0<\/div>\r\n\r\n\r\n<hr class=\"wp-block-separator is-style-wide\" \/>\r\n\r\n\r\n<h6><strong>Wortmalereien von Isabelle Gro\u00dfer zu \u201eSpread my wings\u201c<\/strong><\/h6>\r\n\r\n\r\n\r\n<p>Stimme Rolf Berg<span style=\"font-size: 1rem;\"><figure class=\"wp-block-embed wp-block-embed-youtube is-type-video is-provider-youtube epyt-figure\"><div class=\"wp-block-embed__wrapper\"><iframe  id=\"_ytid_82519\"  width=\"525\" height=\"295\"  data-origwidth=\"525\" data-origheight=\"295\" src=\"https:\/\/www.youtube.com\/embed\/dhQaBOMM5yU?enablejsapi=1&autoplay=0&cc_load_policy=0&cc_lang_pref=&iv_load_policy=1&loop=0&rel=1&fs=1&playsinline=0&autohide=2&theme=dark&color=red&controls=1&disablekb=0&\" class=\"__youtube_prefs__  no-lazyload\" title=\"YouTube player\"  allow=\"fullscreen; accelerometer; autoplay; clipboard-write; encrypted-media; gyroscope; picture-in-picture; web-share\" referrerpolicy=\"strict-origin-when-cross-origin\" allowfullscreen data-no-lazy=\"1\" data-skipgform_ajax_framebjll=\"\"><\/iframe><\/div><\/figure><\/span><\/p>\r\n\r\n\r\n<hr class=\"wp-block-separator is-style-wide\" \/>\r\n\r\n\r\n<h6><strong>Wortmalereien von Isabelle Gro\u00dfer zu \u201eStill Looking\u201c<\/strong><\/h6>\r\n\r\n\r\n\r\n<p>Stimme Rolf Berg\u00a0<span style=\"font-size: 1rem;\"><figure class=\"wp-block-embed wp-block-embed-youtube is-type-video is-provider-youtube epyt-figure\"><div class=\"wp-block-embed__wrapper\"><iframe  id=\"_ytid_51621\"  width=\"525\" height=\"295\"  data-origwidth=\"525\" data-origheight=\"295\" src=\"https:\/\/www.youtube.com\/embed\/wDmfv49TiWs?enablejsapi=1&autoplay=0&cc_load_policy=0&cc_lang_pref=&iv_load_policy=1&loop=0&rel=1&fs=1&playsinline=0&autohide=2&theme=dark&color=red&controls=1&disablekb=0&\" class=\"__youtube_prefs__  no-lazyload\" title=\"YouTube player\"  allow=\"fullscreen; accelerometer; autoplay; clipboard-write; encrypted-media; gyroscope; picture-in-picture; web-share\" referrerpolicy=\"strict-origin-when-cross-origin\" allowfullscreen data-no-lazy=\"1\" data-skipgform_ajax_framebjll=\"\"><\/iframe><\/div><\/figure><\/span><\/p>\r\n\r\n\r\n\r\n\r\n\r\n\r\n\r\n\r\n<hr \/>\r\n\r\n\r\n<h6>\u201eWintermorgen\u201c &#8211; Acryl auf Leinwand &#8211; 80 x 100<\/h6>\r\n<p><img fetchpriority=\"high\" decoding=\"async\" width=\"1024\" height=\"822\" class=\"wp-image-513\" src=\"http:\/\/meinegalerie.me\/wp-content\/uploads\/2021\/04\/91C7ED0B-9919-434E-AC4F-580C3CF2428A-1024x822.jpeg\" alt=\"\" srcset=\"https:\/\/meinegalerie.me\/wp-content\/uploads\/2021\/04\/91C7ED0B-9919-434E-AC4F-580C3CF2428A-1024x822.jpeg 1024w, https:\/\/meinegalerie.me\/wp-content\/uploads\/2021\/04\/91C7ED0B-9919-434E-AC4F-580C3CF2428A-300x241.jpeg 300w, https:\/\/meinegalerie.me\/wp-content\/uploads\/2021\/04\/91C7ED0B-9919-434E-AC4F-580C3CF2428A-768x616.jpeg 768w, https:\/\/meinegalerie.me\/wp-content\/uploads\/2021\/04\/91C7ED0B-9919-434E-AC4F-580C3CF2428A-1536x1232.jpeg 1536w, https:\/\/meinegalerie.me\/wp-content\/uploads\/2021\/04\/91C7ED0B-9919-434E-AC4F-580C3CF2428A-2048x1643.jpeg 2048w\" sizes=\"(max-width: 767px) 89vw, (max-width: 1000px) 54vw, (max-width: 1071px) 543px, 580px\" \/><\/p>\r\n<p><strong>Wintermorgen \u00a0<br \/><\/strong><em>Nach einem Gedicht von Isabelle Gro\u00dfer<\/em><br \/><strong><br \/><\/strong>Ein dunkler Morgen im Dezember\u00a0<br \/>Von Stille und K\u00e4lte erf\u00fcllt\u00a0<br \/>In zarten wei\u00dfen Raureif\u00a0<br \/>Und feinen Nebel geh\u00fcllt<br \/><br \/>So ruht die winterliche Welt<br \/>Verschlafen und verfroren\u00a0<br \/>Der Mond, dessen Licht die Nacht erhellt<br \/>Wirkt zwischen grauen Wolken verloren\u00a0<br \/><br \/>An kahlen, dunklen \u00c4sten\u00a0<br \/>Auf sich erhellendem Blau<br \/>Frieren die gl\u00e4sernen Reste\u00a0<br \/>Des klaren Morgentau\u00a0<br \/><br \/>Kaum hat die schwache Sonne\u00a0<br \/>Den Horizont gefunden\u00a0<br \/>Beginnen flei\u00dfig fr\u00fche V\u00f6gel\u00a0<br \/>Ihre R\u00fcckkehr zu bekunden\u00a0<br \/><br \/>\u00dcber den weiten, leeren Feldern\u00a0<br \/>Und an gefrorenen Weihern\u00a0<br \/>Schweben wie schlummernde Wintergeister\u00a0<br \/>Dichte Nebelschleier\u00a0<br \/><br \/>Ein heller Morgen im Dezember\u00a0<br \/>Die K\u00e4lte err\u00f6tet die Wangen\u00a0<br \/>Gibt aufgew\u00fchlten, rastlosen Seelen\u00a0<br \/>Die Ruhe, die sie verlangen\u00a0<\/p>\r\n\r\n\r\n\r\n<p>&nbsp;<\/p>\r\n\r\n\r\n\r\n<p>&nbsp;<\/p>\r\n","protected":false},"excerpt":{"rendered":"<p>&nbsp; Wenn Bilder und Worte verschmelzen, entsteht etwas Neues. Bei der freien Betrachtung \u2013 gerade abstrakter Werke \u2013 entstehen h\u00e4ufig ganz unterschiedliche Eindr\u00fccke. \u00c4hnlich wie bei Texten, die in unserem Kopf zu eigenen Bildern werden. Dieses Projekt ist eine faszinierende Reise in die Welt der Phantasie. Angeregt durch ein Bild, das in den Augen einer &hellip; <\/p>\n<p class=\"link-more\"><a href=\"https:\/\/meinegalerie.me\/?page_id=364\" class=\"more-link\"><span class=\"screen-reader-text\">\u201eWortmalereien\u201c<\/span> weiterlesen<\/a><\/p>\n","protected":false},"author":1,"featured_media":0,"parent":0,"menu_order":5,"comment_status":"closed","ping_status":"closed","template":"","meta":{"footnotes":""},"class_list":["post-364","page","type-page","status-publish","hentry"],"_links":{"self":[{"href":"https:\/\/meinegalerie.me\/index.php?rest_route=\/wp\/v2\/pages\/364","targetHints":{"allow":["GET"]}}],"collection":[{"href":"https:\/\/meinegalerie.me\/index.php?rest_route=\/wp\/v2\/pages"}],"about":[{"href":"https:\/\/meinegalerie.me\/index.php?rest_route=\/wp\/v2\/types\/page"}],"author":[{"embeddable":true,"href":"https:\/\/meinegalerie.me\/index.php?rest_route=\/wp\/v2\/users\/1"}],"replies":[{"embeddable":true,"href":"https:\/\/meinegalerie.me\/index.php?rest_route=%2Fwp%2Fv2%2Fcomments&post=364"}],"version-history":[{"count":43,"href":"https:\/\/meinegalerie.me\/index.php?rest_route=\/wp\/v2\/pages\/364\/revisions"}],"predecessor-version":[{"id":1456,"href":"https:\/\/meinegalerie.me\/index.php?rest_route=\/wp\/v2\/pages\/364\/revisions\/1456"}],"wp:attachment":[{"href":"https:\/\/meinegalerie.me\/index.php?rest_route=%2Fwp%2Fv2%2Fmedia&parent=364"}],"curies":[{"name":"wp","href":"https:\/\/api.w.org\/{rel}","templated":true}]}}